{"id":25,"date":"2015-01-17T15:56:18","date_gmt":"2015-01-17T14:56:18","guid":{"rendered":"http:\/\/gemeurope.be\/?page_id=25"},"modified":"2018-09-18T07:32:07","modified_gmt":"2018-09-18T05:32:07","slug":"about-us","status":"publish","type":"page","link":"https:\/\/gemeurope.be\/fr\/about-us\/","title":{"rendered":"About us"},"content":{"rendered":"<p>Depuis 1975, <strong>GEM EUROPE<\/strong> propose une large gamme d\u2019outils diamant\u00e9s et de polissage de qualit\u00e9 pour l\u2019industrie du verre : du rodage au biseautage, en passant par la gravure et le rodage en forme sur machine CNC. Notre gamme comprend des meules boisseaux en liant m\u00e9tallique ou liant r\u00e9sine (\u00e0 couronne continue ou segment\u00e9e), des meules diamant\u00e9es p\u00e9riph\u00e9riques, des meules pour la gravure, des outils et meules pour machines CNC, des meules de polissage, des feutres, des bandes et poudres abrasives\u2026<\/p>\n<p>En partenariat avec plusieurs soci\u00e9t\u00e9s renomm\u00e9es, nous vous proposons une gamme de machines et d\u2019\u00e9quipement pour le travail et la manutention du verre.<\/p>\n<p>Notre \u00e9quipe multilingue se tient \u00e0 votre disposition pour r\u00e9pondre au mieux \u00e0 toutes vos demandes.<br \/>\n<\/p>","protected":false},"excerpt":{"rendered":"<p>Depuis 1975, GEM EUROPE propose une large gamme d\u2019outils diamant\u00e9s et de polissage de qualit\u00e9 pour l\u2019industrie du verre : du rodage au biseautage, en passant par la gravure et le rodage en forme sur machine CNC. Notre gamme comprend des meules boisseaux en liant m\u00e9tallique ou liant r\u00e9sine (\u00e0 couronne continue ou segment\u00e9e), des [&hellip;]<\/p>\n","protected":false},"author":3,"featured_media":0,"parent":0,"menu_order":0,"comment_status":"closed","ping_status":"closed","template":"","meta":[],"acf":[],"_links":{"self":[{"href":"https:\/\/gemeurope.be\/fr\/wp-json\/wp\/v2\/pages\/25"}],"collection":[{"href":"https:\/\/gemeurope.be\/fr\/wp-json\/wp\/v2\/pages"}],"about":[{"href":"https:\/\/gemeurope.be\/fr\/wp-json\/wp\/v2\/types\/page"}],"author":[{"embeddable":true,"href":"https:\/\/gemeurope.be\/fr\/wp-json\/wp\/v2\/users\/3"}],"replies":[{"embeddable":true,"href":"https:\/\/gemeurope.be\/fr\/wp-json\/wp\/v2\/comments?post=25"}],"version-history":[{"count":6,"href":"https:\/\/gemeurope.be\/fr\/wp-json\/wp\/v2\/pages\/25\/revisions"}],"predecessor-version":[{"id":232,"href":"https:\/\/gemeurope.be\/fr\/wp-json\/wp\/v2\/pages\/25\/revisions\/232"}],"wp:attachment":[{"href":"https:\/\/gemeurope.be\/fr\/wp-json\/wp\/v2\/media?parent=25"}],"curies":[{"name":"wp","href":"https:\/\/api.w.org\/{rel}","templated":true}]}}