{"id":5,"date":"2014-09-25T14:52:34","date_gmt":"2014-09-25T12:52:34","guid":{"rendered":"http:\/\/gemeurope.be\/?page_id=5"},"modified":"2018-11-06T15:54:48","modified_gmt":"2018-11-06T14:54:48","slug":"home","status":"publish","type":"page","link":"https:\/\/gemeurope.be\/fr\/","title":{"rendered":"Home"},"content":{"rendered":"<p>GEM EUROPE propose une large gamme d&rsquo;outils diamant\u00e9s et de polissage de qualit\u00e9 pour l&rsquo;industrie du verre : du rodage au biseautage, en passant par la gravure et le rodage en forme sur machine CNC. Notre gamme comprend des meules boisseaux en liant m\u00e9tallique ou liant r\u00e9sine (\u00e0 couronne continue ou segment\u00e9e), des meules diamant\u00e9es p\u00e9riph\u00e9riques, des meules pour la gravure, des outils et meules pour machines CNC, des meules de polissage, des feutres, des bandes et poudres abrasives&#8230;<\/p>\n<p>En partenariat avec plusieurs soci\u00e9t\u00e9 renomm\u00e9es, nous vous proposons une gamme de machines et d&rsquo;\u00e9quipement pour le travail et la manutention du verre.<\/p>","protected":false},"excerpt":{"rendered":"<p>GEM EUROPE propose une large gamme d&rsquo;outils diamant\u00e9s et de polissage de qualit\u00e9 pour l&rsquo;industrie du verre : du rodage au biseautage, en passant par la gravure et le rodage en forme sur machine CNC. Notre gamme comprend des meules boisseaux en liant m\u00e9tallique ou liant r\u00e9sine (\u00e0 couronne continue ou segment\u00e9e), des meules diamant\u00e9es [&hellip;]<\/p>\n","protected":false},"author":1,"featured_media":0,"parent":0,"menu_order":0,"comment_status":"closed","ping_status":"closed","template":"","meta":[],"acf":[],"_links":{"self":[{"href":"https:\/\/gemeurope.be\/fr\/wp-json\/wp\/v2\/pages\/5"}],"collection":[{"href":"https:\/\/gemeurope.be\/fr\/wp-json\/wp\/v2\/pages"}],"about":[{"href":"https:\/\/gemeurope.be\/fr\/wp-json\/wp\/v2\/types\/page"}],"author":[{"embeddable":true,"href":"https:\/\/gemeurope.be\/fr\/wp-json\/wp\/v2\/users\/1"}],"replies":[{"embeddable":true,"href":"https:\/\/gemeurope.be\/fr\/wp-json\/wp\/v2\/comments?post=5"}],"version-history":[{"count":21,"href":"https:\/\/gemeurope.be\/fr\/wp-json\/wp\/v2\/pages\/5\/revisions"}],"predecessor-version":[{"id":265,"href":"https:\/\/gemeurope.be\/fr\/wp-json\/wp\/v2\/pages\/5\/revisions\/265"}],"wp:attachment":[{"href":"https:\/\/gemeurope.be\/fr\/wp-json\/wp\/v2\/media?parent=5"}],"curies":[{"name":"wp","href":"https:\/\/api.w.org\/{rel}","templated":true}]}}