{"id":25,"date":"2015-01-17T15:56:18","date_gmt":"2015-01-17T14:56:18","guid":{"rendered":"http:\/\/gemeurope.be\/?page_id=25"},"modified":"2018-09-18T07:32:07","modified_gmt":"2018-09-18T05:32:07","slug":"about-us","status":"publish","type":"page","link":"https:\/\/gemeurope.be\/pl\/o-nas\/","title":{"rendered":"O nas"},"content":{"rendered":"<p>Od 1975 roku <strong>GEM EUROPE<\/strong> proponuje szeroki asortyment wysokiej jako\u015bci narz\u0119dzi diamentowych i polerskich stosowanych w r\u00f3\u017cnych dziedzinach bran\u017cy szklarskiej. Nasza oferta obejmuje narz\u0119dzia do <strong>fazowania<\/strong>, <strong>grawerowania<\/strong>, narz\u0119dzia do obr\u00f3bki na maszynach CNC etc: <strong>tarcze garnkowe<\/strong> <strong>metalowe<\/strong> <b>i<\/b> <strong>\u017cywiczne<\/strong> (segmentowe, turbo), <strong>tarcze obwodowe diamentowe<\/strong> do szlifierek prostoliniowych i kraw\u0119dziarek, <strong>tarcze do grawerowania<\/strong>, <strong>oprzyrz\u0105dowanie do CNC<\/strong>, <strong>tarcze polerskie<\/strong> <strong>obwodowe<\/strong> <b>i<\/b> <strong>garnkowe<\/strong>, <strong>tarcze syntetyczne<\/strong> (filc), <strong>tarcze elastyczne<\/strong> do usuwania pow\u0142oki metalicznej, tlenek ceru oraz inne akcesoria.<\/p>\n<p>Wieloletnie do\u015bwiadczenie w bran\u017cy, pozwala nam dzi\u015b zaoferowa\u0107 najwy\u017cszej jakosci serwis zar\u00f3wno dla du\u017cych ga\u0142\u0119zi przemys\u0142u, tak ma\u0142ych, jak i \u015brednich przedsi\u0119biorstw.<\/p>\n<p>W celu uzupe\u0142nienia naszej gamy produkt\u00f3w i us\u0142ug, wsp\u00f3\u0142pracujemy z firmami partnerskimi , ciesz\u0105cymi si\u0119 renom\u0105 w bran\u017cy.<\/p>\n<p>Zapraszamy do wsp\u00f3\u0142pracy, nasz wieloj\u0119zyczny personel jest do Pa\u0144stwa dyspozycji.<br \/>\n<\/p>","protected":false},"excerpt":{"rendered":"<p>Od 1975 roku GEM EUROPE proponuje szeroki asortyment wysokiej jako\u015bci narz\u0119dzi diamentowych i polerskich stosowanych w r\u00f3\u017cnych dziedzinach bran\u017cy szklarskiej. Nasza oferta obejmuje narz\u0119dzia do fazowania, grawerowania, narz\u0119dzia do obr\u00f3bki na maszynach CNC etc: tarcze garnkowe metalowe i \u017cywiczne (segmentowe, turbo), tarcze obwodowe diamentowe do szlifierek prostoliniowych i kraw\u0119dziarek, tarcze do grawerowania, oprzyrz\u0105dowanie do CNC, [&hellip;]<\/p>\n","protected":false},"author":3,"featured_media":0,"parent":0,"menu_order":0,"comment_status":"closed","ping_status":"closed","template":"","meta":[],"acf":[],"_links":{"self":[{"href":"https:\/\/gemeurope.be\/pl\/wp-json\/wp\/v2\/pages\/25"}],"collection":[{"href":"https:\/\/gemeurope.be\/pl\/wp-json\/wp\/v2\/pages"}],"about":[{"href":"https:\/\/gemeurope.be\/pl\/wp-json\/wp\/v2\/types\/page"}],"author":[{"embeddable":true,"href":"https:\/\/gemeurope.be\/pl\/wp-json\/wp\/v2\/users\/3"}],"replies":[{"embeddable":true,"href":"https:\/\/gemeurope.be\/pl\/wp-json\/wp\/v2\/comments?post=25"}],"version-history":[{"count":6,"href":"https:\/\/gemeurope.be\/pl\/wp-json\/wp\/v2\/pages\/25\/revisions"}],"predecessor-version":[{"id":232,"href":"https:\/\/gemeurope.be\/pl\/wp-json\/wp\/v2\/pages\/25\/revisions\/232"}],"wp:attachment":[{"href":"https:\/\/gemeurope.be\/pl\/wp-json\/wp\/v2\/media?parent=25"}],"curies":[{"name":"wp","href":"https:\/\/api.w.org\/{rel}","templated":true}]}}