{"id":5,"date":"2014-09-25T14:52:34","date_gmt":"2014-09-25T12:52:34","guid":{"rendered":"http:\/\/gemeurope.be\/?page_id=5"},"modified":"2018-11-06T15:54:48","modified_gmt":"2018-11-06T14:54:48","slug":"home","status":"publish","type":"page","link":"https:\/\/gemeurope.be\/pl\/","title":{"rendered":"Home"},"content":{"rendered":"<p>GEM EUROPE proponuje szeroki asortyment wysokiej jako\u015bci narz\u0119dzi diamentowych i polerskich stosowanych w r\u00f3\u017cnych dziedzinach bran\u017cy szklarskiej. Nasza oferta obejmuje narz\u0119dzia do fazowania, grawerowania, narz\u0119dzia do obr\u00f3bki na maszynach CNC etc: tarcze garnkowe metalowe i \u017cywiczne (segmentowe, turbo), tarcze obwodowe diamentowe do szlifierek prostoliniowych i kraw\u0119dziarek, tarcze do grawerowania, oprzyrz\u0105dowanie do CNC, tarcze polerskie obwodowe i garnkowe, tarcze syntetyczne (filc), tarcze elastyczne do usuwania pow\u0142oki metalicznej, tlenek ceru oraz inne akcesoria.<\/p>\n<p>Na potrzeby rynku francuskoj\u0119zycznego oferujemy r\u00f3wnie\u017c po\u015brednictwo w zakupie maszyn i urz\u0105dze\u0144 stosowanych w procesie obr\u00f3bki szk\u0142a, znanych i renomowanych w bran\u017cy firm.<\/p>","protected":false},"excerpt":{"rendered":"<p>GEM EUROPE proponuje szeroki asortyment wysokiej jako\u015bci narz\u0119dzi diamentowych i polerskich stosowanych w r\u00f3\u017cnych dziedzinach bran\u017cy szklarskiej. Nasza oferta obejmuje narz\u0119dzia do fazowania, grawerowania, narz\u0119dzia do obr\u00f3bki na maszynach CNC etc: tarcze garnkowe metalowe i \u017cywiczne (segmentowe, turbo), tarcze obwodowe diamentowe do szlifierek prostoliniowych i kraw\u0119dziarek, tarcze do grawerowania, oprzyrz\u0105dowanie do CNC, tarcze polerskie obwodowe [&hellip;]<\/p>\n","protected":false},"author":1,"featured_media":0,"parent":0,"menu_order":0,"comment_status":"closed","ping_status":"closed","template":"","meta":[],"acf":[],"_links":{"self":[{"href":"https:\/\/gemeurope.be\/pl\/wp-json\/wp\/v2\/pages\/5"}],"collection":[{"href":"https:\/\/gemeurope.be\/pl\/wp-json\/wp\/v2\/pages"}],"about":[{"href":"https:\/\/gemeurope.be\/pl\/wp-json\/wp\/v2\/types\/page"}],"author":[{"embeddable":true,"href":"https:\/\/gemeurope.be\/pl\/wp-json\/wp\/v2\/users\/1"}],"replies":[{"embeddable":true,"href":"https:\/\/gemeurope.be\/pl\/wp-json\/wp\/v2\/comments?post=5"}],"version-history":[{"count":21,"href":"https:\/\/gemeurope.be\/pl\/wp-json\/wp\/v2\/pages\/5\/revisions"}],"predecessor-version":[{"id":265,"href":"https:\/\/gemeurope.be\/pl\/wp-json\/wp\/v2\/pages\/5\/revisions\/265"}],"wp:attachment":[{"href":"https:\/\/gemeurope.be\/pl\/wp-json\/wp\/v2\/media?parent=5"}],"curies":[{"name":"wp","href":"https:\/\/api.w.org\/{rel}","templated":true}]}}